{"id":17900,"date":"2021-11-29T16:25:23","date_gmt":"2021-11-29T15:25:23","guid":{"rendered":"https:\/\/www.radbag.de\/blog\/?page_id=17900"},"modified":"2021-11-30T08:57:22","modified_gmt":"2021-11-30T07:57:22","slug":"gluehweinstand-aufbau","status":"publish","type":"page","link":"https:\/\/www.radbag.de\/blog\/gluehweinstand-aufbau","title":{"rendered":"Gl\u00fchweinstand Aufbau"},"content":{"rendered":"<div class=\"bpp_post_wrapper\" data-bpp-pinlink=\"https:\/\/www.radbag.de\/blog\/gluehweinstand-aufbau\" data-bpp-pincorner=\"northeast\" data-bpp-pinhover=\"true\" data-bpp-lang=\"en\" data-bpp-count=\"none\" data-bpp-zero-count=\"true\" data-bpp-size=\"28\" data-bpp-color=\"white\" data-bpp-mobile=\"1\">\n<h3 class=\"has-text-align-center wp-block-heading\">Gratuliere! Du hast einen der hei\u00dfbegehrten Gl\u00fchweinst\u00e4nde ergattert. \ud83d\ude80\ud83c\udf89\ud83c\udf84<\/h3>\n\n\n\n<p class=\"has-text-align-center\">Damit du ihn auch nutzen kannst, haben wir hier einmal eine Video Anleitung f\u00fcr dich gemacht, die dir hoffentlich beim Aufbau hilft. <\/p>\n\n\n\n<div class=\"wp-block-columns is-layout-flex wp-container-core-columns-is-layout-9d6595d7 wp-block-columns-is-layout-flex\">\n<div class=\"wp-block-column is-layout-flow wp-block-column-is-layout-flow\" style=\"flex-basis:200px\"><\/div>\n\n\n\n<div class=\"wp-block-column is-layout-flow wp-block-column-is-layout-flow\">\n<figure class=\"wp-block-video\"><video autoplay controls src=\"https:\/\/www.radbag.de\/blog\/wp-content\/uploads\/2021\/11\/DACH_Aufbauanleitung.mp4\"><\/video><\/figure>\n\n\n\n<p><\/p>\n\n\n\n<div class=\"wp-block-columns is-layout-flex wp-container-core-columns-is-layout-9d6595d7 wp-block-columns-is-layout-flex\">\n<div class=\"wp-block-column is-layout-flow wp-block-column-is-layout-flow\"><\/div>\n<\/div>\n<\/div>\n\n\n\n<div class=\"wp-block-column is-layout-flow wp-block-column-is-layout-flow\" style=\"flex-basis:200px\"><\/div>\n<\/div>\n\n\n\n<h2 class=\"has-text-align-center wp-block-heading\">Was dein Paket alles beinhaltet:<\/h2>\n\n\n\n<figure class=\"wp-block-image size-full\"><img loading=\"lazy\" decoding=\"async\" width=\"1000\" height=\"400\" src=\"https:\/\/www.radbag.de\/blog\/wp-content\/uploads\/2021\/11\/Dach.png\" alt=\"\" class=\"wp-image-17908\" srcset=\"https:\/\/www.radbag.de\/blog\/wp-content\/uploads\/2021\/11\/Dach.png 1000w, https:\/\/www.radbag.de\/blog\/wp-content\/uploads\/2021\/11\/Dach-300x120.png 300w, https:\/\/www.radbag.de\/blog\/wp-content\/uploads\/2021\/11\/Dach-768x307.png 768w, https:\/\/www.radbag.de\/blog\/wp-content\/uploads\/2021\/11\/Dach-720x288.png 720w, https:\/\/www.radbag.de\/blog\/wp-content\/uploads\/2021\/11\/Dach-160x64.png 160w\" sizes=\"auto, (max-width: 1000px) 100vw, 1000px\" \/><\/figure>\n\n\n\n<p class=\"has-text-align-center\"><strong>Wichtig<\/strong>: Zuerst alle Teile falten, damit die Steckverbindungen einfach funktionieren und der Karton nicht einrei\u00dft.<\/p>\n\n\n\n<div class=\"wp-block-image\"><figure class=\"aligncenter size-large\"><img loading=\"lazy\" decoding=\"async\" width=\"683\" height=\"1024\" src=\"https:\/\/www.radbag.de\/blog\/wp-content\/uploads\/2021\/11\/\ud83c\udf84-683x1024.png\" alt=\"Gl\u00fchweinstand\" class=\"wp-image-17905\" srcset=\"https:\/\/www.radbag.de\/blog\/wp-content\/uploads\/2021\/11\/\ud83c\udf84-683x1024.png 683w, https:\/\/www.radbag.de\/blog\/wp-content\/uploads\/2021\/11\/\ud83c\udf84-200x300.png 200w, https:\/\/www.radbag.de\/blog\/wp-content\/uploads\/2021\/11\/\ud83c\udf84-768x1152.png 768w, https:\/\/www.radbag.de\/blog\/wp-content\/uploads\/2021\/11\/\ud83c\udf84-720x1080.png 720w, https:\/\/www.radbag.de\/blog\/wp-content\/uploads\/2021\/11\/\ud83c\udf84-160x240.png 160w, https:\/\/www.radbag.de\/blog\/wp-content\/uploads\/2021\/11\/\ud83c\udf84.png 1000w\" sizes=\"auto, (max-width: 683px) 100vw, 683px\" \/><\/figure><\/div>\n\n\n\n<h4 class=\"has-text-align-center wp-block-heading\"><strong>Jetzt w\u00fcnschen wir dir ganz viel Freude und betrunkene Momente mit deinem Gl\u00fchweinstand!<\/strong> \ud83d\ude1c\ud83c\udf84\ud83c\udf77<\/h4>\n\n\n\n<p class=\"has-text-align-center\">\ud83d\udc47 <strong>Wir freuen uns auf witzige Fotos, Videos und Geschichten von euch \ud83d\udc47<\/strong><\/p>\n\n\n\n<div class=\"wp-block-columns is-layout-flex wp-container-core-columns-is-layout-9d6595d7 wp-block-columns-is-layout-flex\">\n<div class=\"wp-block-column is-layout-flow wp-block-column-is-layout-flow\">\n<div class=\"wp-block-image\"><figure class=\"alignright size-full is-resized\"><a href=\"https:\/\/www.instagram.com\/radbag\/\"><img loading=\"lazy\" decoding=\"async\" src=\"https:\/\/www.radbag.de\/blog\/wp-content\/uploads\/2021\/11\/social-icon-1.png\" alt=\"\" class=\"wp-image-17651\" width=\"63\" height=\"63\"\/><\/a><\/figure><\/div>\n<\/div>\n\n\n\n<div class=\"wp-block-column is-layout-flow wp-block-column-is-layout-flow\">\n<div class=\"wp-block-image\"><figure class=\"aligncenter size-full is-resized\"><a href=\"https:\/\/www.facebook.com\/RadbagDE\"><img loading=\"lazy\" decoding=\"async\" src=\"https:\/\/www.radbag.de\/blog\/wp-content\/uploads\/2021\/11\/radbag-social-icons-3.png\" alt=\"\" class=\"wp-image-17648\" width=\"80\" height=\"80\"\/><\/a><\/figure><\/div>\n<\/div>\n\n\n\n<div class=\"wp-block-column is-layout-flow wp-block-column-is-layout-flow\">\n<figure class=\"wp-block-image size-full is-resized\"><a href=\"mailto:johanna.barberi@mhdirekt.com\" target=\"_blank\" rel=\"noopener\"><img loading=\"lazy\" decoding=\"async\" src=\"https:\/\/www.radbag.de\/blog\/wp-content\/uploads\/2021\/11\/Untitled-design-73.png\" alt=\"\" class=\"wp-image-17909\" width=\"72\" height=\"72\"\/><\/a><\/figure>\n\n\n\n<p><\/p>\n<\/div>\n<\/div>\n\n\n\n<p><\/p>\n<\/div>","protected":false},"excerpt":{"rendered":"<p>Gratuliere! Du hast einen der hei\u00dfbegehrten Gl\u00fchweinst\u00e4nde ergattert. \ud83d\ude80\ud83c\udf89\ud83c\udf84 Damit du ihn auch nutzen kannst, haben wir hier einmal eine Video Anleitung f\u00fcr dich gemacht, die dir hoffentlich beim Aufbau hilft. Was dein Paket alles beinhaltet: Wichtig: Zuerst alle Teile falten, damit die Steckverbindungen einfach funktionieren und der Karton nicht einrei\u00dft. Jetzt w\u00fcnschen wir dir&hellip;<\/p>\n","protected":false},"author":9,"featured_media":17915,"parent":0,"menu_order":0,"comment_status":"closed","ping_status":"closed","template":"","meta":{"footnotes":""},"class_list":["post-17900","page","type-page","status-publish","has-post-thumbnail","hentry"],"yoast_head":"<!-- This site is optimized with the Yoast SEO plugin v25.5 - https:\/\/yoast.com\/wordpress\/plugins\/seo\/ -->\n<title>Gl\u00fchweinstand Aufbau - Der Blog von radbag<\/title>\n<meta name=\"robots\" content=\"index, follow, max-snippet:-1, max-image-preview:large, max-video-preview:-1\" \/>\n<link rel=\"canonical\" href=\"https:\/\/www.radbag.de\/blog\/gluehweinstand-aufbau\" \/>\n<meta property=\"og:locale\" content=\"de_DE\" \/>\n<meta property=\"og:type\" content=\"article\" \/>\n<meta property=\"og:title\" content=\"Gl\u00fchweinstand Aufbau - Der Blog von radbag\" \/>\n<meta property=\"og:description\" content=\"Gratuliere! Du hast einen der hei\u00dfbegehrten Gl\u00fchweinst\u00e4nde ergattert. \ud83d\ude80\ud83c\udf89\ud83c\udf84 Damit du ihn auch nutzen kannst, haben wir hier einmal eine Video Anleitung f\u00fcr dich gemacht, die dir hoffentlich beim Aufbau hilft. Was dein Paket alles beinhaltet: Wichtig: Zuerst alle Teile falten, damit die Steckverbindungen einfach funktionieren und der Karton nicht einrei\u00dft. Jetzt w\u00fcnschen wir dir&hellip;\" \/>\n<meta property=\"og:url\" content=\"https:\/\/www.radbag.de\/blog\/gluehweinstand-aufbau\" \/>\n<meta property=\"og:site_name\" content=\"Der Blog von radbag\" \/>\n<meta property=\"article:modified_time\" content=\"2021-11-30T07:57:22+00:00\" \/>\n<meta property=\"og:image\" content=\"https:\/\/www.radbag.de\/blog\/wp-content\/uploads\/2021\/11\/ES_-Copy-of-BLOG_HEADER_diverse-1024x576.png\" \/>\n\t<meta property=\"og:image:width\" content=\"1024\" \/>\n\t<meta property=\"og:image:height\" content=\"576\" \/>\n\t<meta property=\"og:image:type\" content=\"image\/png\" \/>\n<meta name=\"twitter:card\" content=\"summary_large_image\" \/>\n<meta name=\"twitter:label1\" content=\"Gesch\u00e4tzte Lesezeit\" \/>\n\t<meta name=\"twitter:data1\" content=\"2\u00a0Minuten\" \/>\n<script type=\"application\/ld+json\" class=\"yoast-schema-graph\">{\"@context\":\"https:\/\/schema.org\",\"@graph\":[{\"@type\":\"WebPage\",\"@id\":\"https:\/\/www.radbag.de\/blog\/gluehweinstand-aufbau\",\"url\":\"https:\/\/www.radbag.de\/blog\/gluehweinstand-aufbau\",\"name\":\"Gl\u00fchweinstand Aufbau - Der Blog von radbag\",\"isPartOf\":{\"@id\":\"https:\/\/www.radbag.de\/blog\/#website\"},\"primaryImageOfPage\":{\"@id\":\"https:\/\/www.radbag.de\/blog\/gluehweinstand-aufbau#primaryimage\"},\"image\":{\"@id\":\"https:\/\/www.radbag.de\/blog\/gluehweinstand-aufbau#primaryimage\"},\"thumbnailUrl\":\"https:\/\/www.radbag.de\/blog\/wp-content\/uploads\/2021\/11\/ES_-Copy-of-BLOG_HEADER_diverse.png\",\"datePublished\":\"2021-11-29T15:25:23+00:00\",\"dateModified\":\"2021-11-30T07:57:22+00:00\",\"breadcrumb\":{\"@id\":\"https:\/\/www.radbag.de\/blog\/gluehweinstand-aufbau#breadcrumb\"},\"inLanguage\":\"de\",\"potentialAction\":[{\"@type\":\"ReadAction\",\"target\":[\"https:\/\/www.radbag.de\/blog\/gluehweinstand-aufbau\"]}]},{\"@type\":\"ImageObject\",\"inLanguage\":\"de\",\"@id\":\"https:\/\/www.radbag.de\/blog\/gluehweinstand-aufbau#primaryimage\",\"url\":\"https:\/\/www.radbag.de\/blog\/wp-content\/uploads\/2021\/11\/ES_-Copy-of-BLOG_HEADER_diverse.png\",\"contentUrl\":\"https:\/\/www.radbag.de\/blog\/wp-content\/uploads\/2021\/11\/ES_-Copy-of-BLOG_HEADER_diverse.png\",\"width\":2240,\"height\":1260},{\"@type\":\"BreadcrumbList\",\"@id\":\"https:\/\/www.radbag.de\/blog\/gluehweinstand-aufbau#breadcrumb\",\"itemListElement\":[{\"@type\":\"ListItem\",\"position\":1,\"name\":\"Home\",\"item\":\"https:\/\/www.radbag.de\/blog\"},{\"@type\":\"ListItem\",\"position\":2,\"name\":\"Gl\u00fchweinstand Aufbau\"}]},{\"@type\":\"WebSite\",\"@id\":\"https:\/\/www.radbag.de\/blog\/#website\",\"url\":\"https:\/\/www.radbag.de\/blog\/\",\"name\":\"Der Blog von radbag\",\"description\":\"\",\"potentialAction\":[{\"@type\":\"SearchAction\",\"target\":{\"@type\":\"EntryPoint\",\"urlTemplate\":\"https:\/\/www.radbag.de\/blog\/?s={search_term_string}\"},\"query-input\":{\"@type\":\"PropertyValueSpecification\",\"valueRequired\":true,\"valueName\":\"search_term_string\"}}],\"inLanguage\":\"de\"}]}<\/script>\n<!-- \/ Yoast SEO plugin. -->","yoast_head_json":{"title":"Gl\u00fchweinstand Aufbau - Der Blog von radbag","robots":{"index":"index","follow":"follow","max-snippet":"max-snippet:-1","max-image-preview":"max-image-preview:large","max-video-preview":"max-video-preview:-1"},"canonical":"https:\/\/www.radbag.de\/blog\/gluehweinstand-aufbau","og_locale":"de_DE","og_type":"article","og_title":"Gl\u00fchweinstand Aufbau - Der Blog von radbag","og_description":"Gratuliere! Du hast einen der hei\u00dfbegehrten Gl\u00fchweinst\u00e4nde ergattert. \ud83d\ude80\ud83c\udf89\ud83c\udf84 Damit du ihn auch nutzen kannst, haben wir hier einmal eine Video Anleitung f\u00fcr dich gemacht, die dir hoffentlich beim Aufbau hilft. Was dein Paket alles beinhaltet: Wichtig: Zuerst alle Teile falten, damit die Steckverbindungen einfach funktionieren und der Karton nicht einrei\u00dft. Jetzt w\u00fcnschen wir dir&hellip;","og_url":"https:\/\/www.radbag.de\/blog\/gluehweinstand-aufbau","og_site_name":"Der Blog von radbag","article_modified_time":"2021-11-30T07:57:22+00:00","og_image":[{"width":1024,"height":576,"url":"https:\/\/www.radbag.de\/blog\/wp-content\/uploads\/2021\/11\/ES_-Copy-of-BLOG_HEADER_diverse-1024x576.png","type":"image\/png"}],"twitter_card":"summary_large_image","twitter_misc":{"Gesch\u00e4tzte Lesezeit":"2\u00a0Minuten"},"schema":{"@context":"https:\/\/schema.org","@graph":[{"@type":"WebPage","@id":"https:\/\/www.radbag.de\/blog\/gluehweinstand-aufbau","url":"https:\/\/www.radbag.de\/blog\/gluehweinstand-aufbau","name":"Gl\u00fchweinstand Aufbau - Der Blog von radbag","isPartOf":{"@id":"https:\/\/www.radbag.de\/blog\/#website"},"primaryImageOfPage":{"@id":"https:\/\/www.radbag.de\/blog\/gluehweinstand-aufbau#primaryimage"},"image":{"@id":"https:\/\/www.radbag.de\/blog\/gluehweinstand-aufbau#primaryimage"},"thumbnailUrl":"https:\/\/www.radbag.de\/blog\/wp-content\/uploads\/2021\/11\/ES_-Copy-of-BLOG_HEADER_diverse.png","datePublished":"2021-11-29T15:25:23+00:00","dateModified":"2021-11-30T07:57:22+00:00","breadcrumb":{"@id":"https:\/\/www.radbag.de\/blog\/gluehweinstand-aufbau#breadcrumb"},"inLanguage":"de","potentialAction":[{"@type":"ReadAction","target":["https:\/\/www.radbag.de\/blog\/gluehweinstand-aufbau"]}]},{"@type":"ImageObject","inLanguage":"de","@id":"https:\/\/www.radbag.de\/blog\/gluehweinstand-aufbau#primaryimage","url":"https:\/\/www.radbag.de\/blog\/wp-content\/uploads\/2021\/11\/ES_-Copy-of-BLOG_HEADER_diverse.png","contentUrl":"https:\/\/www.radbag.de\/blog\/wp-content\/uploads\/2021\/11\/ES_-Copy-of-BLOG_HEADER_diverse.png","width":2240,"height":1260},{"@type":"BreadcrumbList","@id":"https:\/\/www.radbag.de\/blog\/gluehweinstand-aufbau#breadcrumb","itemListElement":[{"@type":"ListItem","position":1,"name":"Home","item":"https:\/\/www.radbag.de\/blog"},{"@type":"ListItem","position":2,"name":"Gl\u00fchweinstand Aufbau"}]},{"@type":"WebSite","@id":"https:\/\/www.radbag.de\/blog\/#website","url":"https:\/\/www.radbag.de\/blog\/","name":"Der Blog von radbag","description":"","potentialAction":[{"@type":"SearchAction","target":{"@type":"EntryPoint","urlTemplate":"https:\/\/www.radbag.de\/blog\/?s={search_term_string}"},"query-input":{"@type":"PropertyValueSpecification","valueRequired":true,"valueName":"search_term_string"}}],"inLanguage":"de"}]}},"_links":{"self":[{"href":"https:\/\/www.radbag.de\/blog\/wp-json\/wp\/v2\/pages\/17900","targetHints":{"allow":["GET"]}}],"collection":[{"href":"https:\/\/www.radbag.de\/blog\/wp-json\/wp\/v2\/pages"}],"about":[{"href":"https:\/\/www.radbag.de\/blog\/wp-json\/wp\/v2\/types\/page"}],"author":[{"embeddable":true,"href":"https:\/\/www.radbag.de\/blog\/wp-json\/wp\/v2\/users\/9"}],"replies":[{"embeddable":true,"href":"https:\/\/www.radbag.de\/blog\/wp-json\/wp\/v2\/comments?post=17900"}],"version-history":[{"count":7,"href":"https:\/\/www.radbag.de\/blog\/wp-json\/wp\/v2\/pages\/17900\/revisions"}],"predecessor-version":[{"id":17932,"href":"https:\/\/www.radbag.de\/blog\/wp-json\/wp\/v2\/pages\/17900\/revisions\/17932"}],"wp:featuredmedia":[{"embeddable":true,"href":"https:\/\/www.radbag.de\/blog\/wp-json\/wp\/v2\/media\/17915"}],"wp:attachment":[{"href":"https:\/\/www.radbag.de\/blog\/wp-json\/wp\/v2\/media?parent=17900"}],"curies":[{"name":"wp","href":"https:\/\/api.w.org\/{rel}","templated":true}]}}