{"id":6430,"date":"2017-01-02T16:40:35","date_gmt":"2017-01-02T15:40:35","guid":{"rendered":"https:\/\/www.radbag.de\/blog\/?page_id=6430"},"modified":"2026-01-06T11:54:37","modified_gmt":"2026-01-06T10:54:37","slug":"kalender-2023","status":"publish","type":"page","link":"https:\/\/www.radbag.de\/blog\/kalender-2023","title":{"rendered":"Kalender 2026"},"content":{"rendered":"<div class=\"bpp_post_wrapper\" data-bpp-pinlink=\"https:\/\/www.radbag.de\/blog\/kalender-2023\" data-bpp-pincorner=\"northeast\" data-bpp-pinhover=\"true\" data-bpp-lang=\"en\" data-bpp-count=\"none\" data-bpp-zero-count=\"true\" data-bpp-size=\"28\" data-bpp-color=\"white\" data-bpp-mobile=\"1\"><p>Wann ist eigentlich Muttertag? Wann sind Ferien? Wie lange habe ich an Weihnachten frei? Das fragen wir uns doch alle immer wieder. Wir haben alle Feiertage f\u00fcr das Jahr 2026 f\u00fcr dich notiert. Und wir w\u00e4ren nicht <a href=\"https:\/\/www.radbag.de\/\">radbag<\/a>, wenn wir dir nicht auch gleich bei der <a href=\"https:\/\/www.radbag.de\/geschenkideen\">Geschenke Auswahl<\/a> helfen w\u00fcrden.<\/p>\n<h2>Feiertage und wichtige Termine<\/h2>\n<h2>Januar 2026<\/h2>\n<p>01.01.2026 <strong>Neujahrstag<\/strong><br \/>Auf ins neue Jahr! Wir w\u00fcnschen dir einen fantastischen Start in ein hoffentlich gesunden &amp; fr\u00f6hliches Jahr 2026. Prosit Neujahr! \ud83c\udf44\ud83c\udf40\ud83d\udc1e<\/p>\n<p>06.01.2026 <strong>Heilige drei K\u00f6nige<\/strong><br \/>An diesem Tag verkleiden sich die M\u00e4dchen und Jungen oft als Heilige Drei K\u00f6nige und sammeln auf \u00e4hnliche Weise Geld f\u00fcr karitative Zwecke. Wer gro\u00dfherzig gespendet hat, bekommt zum Dank sein Haus gesegnet. \ud83d\udc51\ud83d\udc51\ud83d\udc51<\/p>\n<h2>Februar 2026<\/h2>\n<p>14.02.2026 <strong>Valentinstag<\/strong><br \/>Jetzt wird\u00b4s romantisch: der Valentinstag am 14.02. ist das Fest der Liebenden.<br \/>Wer seinem Herzblatt <a href=\"https:\/\/www.radbag.de\/valentinstag-geschenke\">ein besonderes Valentinstaggeschenk<\/a> machen will, der ist bei uns goldrichtig. \ud83d\udc9d<\/p>\n<p>Entdecke <a href=\"https:\/\/www.radbag.de\/valentinstag-geschenke-fur-manner\">Valentinstagsgeschenke f\u00fcr M\u00e4nner<\/a> und <a href=\"https:\/\/www.radbag.de\/valentinstag-geschenke-fur-frauen\">Frauen<\/a> &#8211; beschenke deine liebsten \ud83d\ude42<\/p>\n<h2>M\u00e4rz 2026<\/h2>\n<p>08.03.2026 <strong>Internationaler Frauentag<\/strong><\/p>\n<p>20.03.2026 <strong>Fr\u00fchlingsanfang<\/strong><\/p>\n<p>29.03.2026 <strong>Beginn der Sommerzeit<\/strong><br \/>Auch wenn man es im M\u00e4rz noch nicht so f\u00fchlt &#8211; der Sommer wird langsam aber sicher eingel\u00e4utet!<\/p>\n<h2>April 2026<\/h2>\n<p>01.04.2026 <strong>April, April<\/strong><br \/>Der wohl h\u00f6chste Feiertag f\u00fcr alle Scherzkekse. An diesem Tag wird jeder, der nicht aufpasst, in den &#8222;April geschickt&#8220;.<br \/>Better be prepared &#8211; mit den richtigen Gadgets von radbag. \ud83d\ude0e\ud83d\udc4d<\/p>\n<p>02.04.2026 <strong>Gr\u00fcndonnerstag<br \/><\/strong>Wann und was ist eigentlich Gr\u00fcndonnerstag? Am Gr\u00fcndonnerstag fand vor ziemlich langer Zeit das letzte Abendmahl statt.<br \/>Der Gr\u00fcndonnerstag ist also der erste Osterfeiertag (mit Karfreitag und Ostersonntag).<\/p>\n<p>03.04.2026 <strong>Karfreitag<\/strong><br \/>Nach dem Gr\u00fcndonnerstag wird der Karfreitag gefeiert. An diesem Tag gedenkt die christliche Kirche dem Tode Jesu.<br \/>Auf den Karfreitag folgt der Karsamstag. Der letzte Kartag vor Ostern<\/p>\n<p>05.04.2026 <strong>Ostersonntag &#8211; finde passende <a href=\"https:\/\/www.radbag.de\/ostergeschenke\">Ostergeschenke<\/a> bei uns<\/strong><br \/>Das Osterfest hat seinen H\u00f6hepunkt am Ostersonntag. Am Tag der Auferstehung Christi.<br \/>In jedem Land gibt es unterschiedliche Traditionen wie Ostereier suchen oder Osterlamm essen.<\/p>\n<h2>Mai 2026<\/h2>\n<p>01.05.2026 <strong>Tag der Arbeit \/ Staatsfeiertag in \u00d6sterreich<\/strong><br \/>Wir feiern die Arbeit. Naja &#8211; so \u00e4hnlich. Aber wer wirklich seine Arbeit feiern will, der kann sich auch ein Geschenk g\u00f6nnen.<br \/>Ob f\u00fcrs B\u00fcro, die Mittagspause oder den Feierabend &#8211; wir haben auch f\u00fcr den Tag der Arbeit individuelle Geschenkideen.<\/p>\n<p>10.05.2026 <strong>Muttertag<\/strong><br \/>Der f\u00e4llt immer auf den zweiten Sonntag im Mai.<br \/>Der Muttertag am 11.05. ist die beste Gelegenheit um Mama mit einem <a href=\"https:\/\/www.radbag.de\/muttertagsgeschenke\" target=\"_blank\" rel=\"noopener noreferrer\">Muttertagsgeschenk <\/a>einmal Danke zu sagen, f\u00fcr so ziemlich alles was die Gute f\u00fcr dich schon so geleistet hat. \u2764\ufe0f<\/p>\n<p>14.05.2026 <strong>Christi Himmelfahrt<br \/><\/strong>Christi Himmelfahrt ist am selben Tag wie der Vatertag. Darum gilt auch der Vatertag als Feiertag.<br \/>Und wer seinem Papa ein <a href=\"https:\/\/www.radbag.de\/vatertagsgeschenke\">Vatertagsgeschenk<\/a> machen will, der kann hier gleich st\u00f6bern.<\/p>\n<p>14.05.2026 <a href=\"https:\/\/www.radbag.de\/vatertagsgeschenke\"><strong>Vatertag<\/strong><\/a><br \/>Ist der Vatertag ein Feiertag? Ja, der Vatertag ist ein Feiertag.<br \/>Der Vatertag f\u00e4llt n\u00e4mlich auf Christi Himmelfahrt und ist darum frei. Ein Hoch auf Papa, den einzig wahren Superheld! \ud83e\uddb8\u200d\u2642<\/p>\n<p>24.05.2026<strong>\u00a0Pfingstsonntag<\/strong><br \/>Pfingsten wird genau 7 Wochen nach Ostern gefeiert und ist neben Weihnachten und Ostern ein Hauptfest der christlichen Kirche.<\/p>\n<p>25.05.2026 <strong>Pfingstmontag<br \/><\/strong>Der Pfingstmontag f\u00e4llt immer auf den Tag nach dem Pfingstsonntag.<br \/>Der Pfingstmontag ist arbeitsfrei.<\/p>\n<h2>Juni 2026<\/h2>\n<p>01.06.2026 <strong>Internationaler Kindertag<\/strong><\/p>\n<p>04.06.2026 <strong>Fronleichnam<\/strong><br \/>Fronleichnam wird immer an einem Donnerstag gefeiert. Und zwar genau 60 Tage nach Ostern. Fronleichnam ist ein Feiertag und somit arbeitsfrei.<\/p>\n<p>21.06.2026 <strong>Sommeranfang \/ Sommersonnenwende\u00a0<\/strong><\/p>\n<h2>Juli 2026<\/h2>\n<p>Im Juli gibt&#8217;s leider keine offiziellen Feiertage, aber bestimmt wirst du gen\u00fcgend Anl\u00e4sse f\u00fcr Grillfeste usw. finden. \ud83d\ude09<\/p>\n<h2>August 2026<\/h2>\n<p>15.08.2026<strong>\u00a0Mari\u00e4 Himmelfahrt<\/strong><br \/>Nach einer langen Feiertags-Pause kommt am 15.08. Maria Himmelfahrt.<\/p>\n<h2>September 2026<\/h2>\n<p>20.09.2026 <strong>Weltkindertag<\/strong><\/p>\n<p>23.09.2026 <strong>Herbstanfang<\/strong><\/p>\n<p>Durchhalten, die n\u00e4chsten Feiertage gibt es erst wieder im Oktober.<\/p>\n<h2>Oktober 2026<\/h2>\n<p>03.10.2026 <strong>Tag der Deutschen Einheit<\/strong><br \/>Der Tag der Deutschen Einheit ist ein Feiertag in Deutschland.<\/p>\n<p>26.10.2026 <strong>Nationalfeiertag \u00d6sterreich<br \/><\/strong>Der \u00f6sterreichische\u00a0Nationalfeiertag wird seit 1965 j\u00e4hrlich am 26. Oktober begangen.<\/p>\n<p>25.10.2026 <strong>Ende der Sommerzeit<br \/><\/strong>Geh\u00f6rt zwar nicht zu den Feiertagen aber trotzdem sollte man hier die Zeit im Auge behalten. \u23f0<\/p>\n<p>31.10.2026 <strong>Reformationstag<\/strong><strong><br \/><\/strong><\/p>\n<p>31.10.2026 <a href=\"https:\/\/www.radbag.de\/halloween\"><strong>Halloween\u00a0<\/strong><\/a><\/p>\n<h2>November 2026<\/h2>\n<p>01.11.2026 <strong>Allerheiligen<\/strong><\/p>\n<p>11.11.2026 <strong>Martinstag<\/strong><\/p>\n<p>29.11.2026 <strong>1. Advent<\/strong><\/p>\n<h2>Dezember 2026<\/h2>\n<p>06.12.2026 <strong><a href=\"https:\/\/www.radbag.de\/nikolausgeschenke\" target=\"_blank\" rel=\"noopener noreferrer\">Nikolaus<\/a><\/strong><\/p>\n<p>06.12.2026 <strong>2. Advent<\/strong><\/p>\n<p>08.12.2026 <strong>Maria Empf\u00e4ngnis (Feiertag in \u00d6sterreich)<\/strong><\/p>\n<p>13.12.2026 <strong>3. Advent<\/strong><\/p>\n<p>20.12.2026 <strong>4. Advent<\/strong><\/p>\n<p>21.12.2026 <strong>Winteranfang \/ Wintersonnenwende<\/strong><\/p>\n<p>24.12.2026 <strong><a href=\"https:\/\/www.radbag.de\/weihnachtsgeschenke\" target=\"_blank\" rel=\"noopener noreferrer\">Heiligabend<br \/><\/a><\/strong>Das Warten auf das Christkind hat ein Ende und ab Heiligabend k\u00f6nnt ihr euch auf einige Feiertage freuen.<strong><a href=\"https:\/\/www.radbag.de\/weihnachtsgeschenke\" target=\"_blank\" rel=\"noopener noreferrer\"><br \/><\/a><\/strong><\/p>\n<p>25.12.2026 <strong><a href=\"https:\/\/www.radbag.de\/weihnachtsgeschenke\" target=\"_blank\" rel=\"noopener noreferrer\">erster Weihnachtstag<\/a><\/strong><\/p>\n<p>26.12.2026 <strong><a href=\"https:\/\/www.radbag.de\/weihnachtsgeschenke\" target=\"_blank\" rel=\"noopener noreferrer\">zweiter Weihnachtstag<\/a><\/strong><\/p>\n<p>31.12.2026 <strong>Silvester\u00a0<\/strong><\/p>\n\n\n<p><\/p>\n<\/div>","protected":false},"excerpt":{"rendered":"<p>Wann ist eigentlich Muttertag? Wann sind Ferien? Wie lange habe ich an Weihnachten frei? Das fragen wir uns doch alle immer wieder. Wir haben alle Feiertage f\u00fcr das Jahr 2026 f\u00fcr dich notiert. Und wir w\u00e4ren nicht radbag, wenn wir dir nicht auch gleich bei der Geschenke Auswahl helfen w\u00fcrden. Feiertage und wichtige Termine Januar&hellip;<\/p>\n","protected":false},"author":17,"featured_media":22980,"parent":0,"menu_order":0,"comment_status":"open","ping_status":"open","template":"","meta":{"footnotes":""},"class_list":["post-6430","page","type-page","status-publish","has-post-thumbnail","hentry"],"yoast_head":"<!-- This site is optimized with the Yoast SEO plugin v25.5 - https:\/\/yoast.com\/wordpress\/plugins\/seo\/ -->\n<title>Feiertage 2026 - Wann ist eigentlich Muttertag und so?<\/title>\n<meta name=\"description\" content=\"Wann ist Weihnachten? Wann rentiert es sich Urlaub zu nehmen? Welche Feiertage stehen \u00fcberhaupt auf dem Programm 2026? Hier entlang, bitte.\" \/>\n<meta name=\"robots\" content=\"index, follow, max-snippet:-1, max-image-preview:large, max-video-preview:-1\" \/>\n<link rel=\"canonical\" href=\"https:\/\/www.radbag.de\/blog\/kalender-2023\" \/>\n<meta property=\"og:locale\" content=\"de_DE\" \/>\n<meta property=\"og:type\" content=\"article\" \/>\n<meta property=\"og:title\" content=\"Feiertage 2026 - Wann ist eigentlich Muttertag und so?\" \/>\n<meta property=\"og:description\" content=\"Wann ist Weihnachten? Wann rentiert es sich Urlaub zu nehmen? Welche Feiertage stehen \u00fcberhaupt auf dem Programm 2026? Hier entlang, bitte.\" \/>\n<meta property=\"og:url\" content=\"https:\/\/www.radbag.de\/blog\/kalender-2023\" \/>\n<meta property=\"og:site_name\" content=\"Der Blog von radbag\" \/>\n<meta property=\"article:modified_time\" content=\"2026-01-06T10:54:37+00:00\" \/>\n<meta property=\"og:image\" content=\"https:\/\/www.radbag.de\/blog\/wp-content\/uploads\/2025\/01\/homepage_banner_for_blogposts-10.png\" \/>\n\t<meta property=\"og:image:width\" content=\"838\" \/>\n\t<meta property=\"og:image:height\" content=\"514\" \/>\n\t<meta property=\"og:image:type\" content=\"image\/png\" \/>\n<meta name=\"twitter:card\" content=\"summary_large_image\" \/>\n<meta name=\"twitter:label1\" content=\"Gesch\u00e4tzte Lesezeit\" \/>\n\t<meta name=\"twitter:data1\" content=\"5\u00a0Minuten\" \/>\n<script type=\"application\/ld+json\" class=\"yoast-schema-graph\">{\"@context\":\"https:\/\/schema.org\",\"@graph\":[{\"@type\":\"WebPage\",\"@id\":\"https:\/\/www.radbag.de\/blog\/kalender-2023\",\"url\":\"https:\/\/www.radbag.de\/blog\/kalender-2023\",\"name\":\"Feiertage 2026 - Wann ist eigentlich Muttertag und so?\",\"isPartOf\":{\"@id\":\"https:\/\/www.radbag.de\/blog\/#website\"},\"primaryImageOfPage\":{\"@id\":\"https:\/\/www.radbag.de\/blog\/kalender-2023#primaryimage\"},\"image\":{\"@id\":\"https:\/\/www.radbag.de\/blog\/kalender-2023#primaryimage\"},\"thumbnailUrl\":\"https:\/\/www.radbag.de\/blog\/wp-content\/uploads\/2025\/01\/homepage_banner_for_blogposts-10.png\",\"datePublished\":\"2017-01-02T15:40:35+00:00\",\"dateModified\":\"2026-01-06T10:54:37+00:00\",\"description\":\"Wann ist Weihnachten? Wann rentiert es sich Urlaub zu nehmen? Welche Feiertage stehen \u00fcberhaupt auf dem Programm 2026? Hier entlang, bitte.\",\"breadcrumb\":{\"@id\":\"https:\/\/www.radbag.de\/blog\/kalender-2023#breadcrumb\"},\"inLanguage\":\"de\",\"potentialAction\":[{\"@type\":\"ReadAction\",\"target\":[\"https:\/\/www.radbag.de\/blog\/kalender-2023\"]}]},{\"@type\":\"ImageObject\",\"inLanguage\":\"de\",\"@id\":\"https:\/\/www.radbag.de\/blog\/kalender-2023#primaryimage\",\"url\":\"https:\/\/www.radbag.de\/blog\/wp-content\/uploads\/2025\/01\/homepage_banner_for_blogposts-10.png\",\"contentUrl\":\"https:\/\/www.radbag.de\/blog\/wp-content\/uploads\/2025\/01\/homepage_banner_for_blogposts-10.png\",\"width\":838,\"height\":514},{\"@type\":\"BreadcrumbList\",\"@id\":\"https:\/\/www.radbag.de\/blog\/kalender-2023#breadcrumb\",\"itemListElement\":[{\"@type\":\"ListItem\",\"position\":1,\"name\":\"Home\",\"item\":\"https:\/\/www.radbag.de\/blog\"},{\"@type\":\"ListItem\",\"position\":2,\"name\":\"Kalender 2026\"}]},{\"@type\":\"WebSite\",\"@id\":\"https:\/\/www.radbag.de\/blog\/#website\",\"url\":\"https:\/\/www.radbag.de\/blog\/\",\"name\":\"Der Blog von radbag\",\"description\":\"\",\"potentialAction\":[{\"@type\":\"SearchAction\",\"target\":{\"@type\":\"EntryPoint\",\"urlTemplate\":\"https:\/\/www.radbag.de\/blog\/?s={search_term_string}\"},\"query-input\":{\"@type\":\"PropertyValueSpecification\",\"valueRequired\":true,\"valueName\":\"search_term_string\"}}],\"inLanguage\":\"de\"}]}<\/script>\n<!-- \/ Yoast SEO plugin. -->","yoast_head_json":{"title":"Feiertage 2026 - Wann ist eigentlich Muttertag und so?","description":"Wann ist Weihnachten? Wann rentiert es sich Urlaub zu nehmen? Welche Feiertage stehen \u00fcberhaupt auf dem Programm 2026? Hier entlang, bitte.","robots":{"index":"index","follow":"follow","max-snippet":"max-snippet:-1","max-image-preview":"max-image-preview:large","max-video-preview":"max-video-preview:-1"},"canonical":"https:\/\/www.radbag.de\/blog\/kalender-2023","og_locale":"de_DE","og_type":"article","og_title":"Feiertage 2026 - Wann ist eigentlich Muttertag und so?","og_description":"Wann ist Weihnachten? Wann rentiert es sich Urlaub zu nehmen? Welche Feiertage stehen \u00fcberhaupt auf dem Programm 2026? Hier entlang, bitte.","og_url":"https:\/\/www.radbag.de\/blog\/kalender-2023","og_site_name":"Der Blog von radbag","article_modified_time":"2026-01-06T10:54:37+00:00","og_image":[{"width":838,"height":514,"url":"https:\/\/www.radbag.de\/blog\/wp-content\/uploads\/2025\/01\/homepage_banner_for_blogposts-10.png","type":"image\/png"}],"twitter_card":"summary_large_image","twitter_misc":{"Gesch\u00e4tzte Lesezeit":"5\u00a0Minuten"},"schema":{"@context":"https:\/\/schema.org","@graph":[{"@type":"WebPage","@id":"https:\/\/www.radbag.de\/blog\/kalender-2023","url":"https:\/\/www.radbag.de\/blog\/kalender-2023","name":"Feiertage 2026 - Wann ist eigentlich Muttertag und so?","isPartOf":{"@id":"https:\/\/www.radbag.de\/blog\/#website"},"primaryImageOfPage":{"@id":"https:\/\/www.radbag.de\/blog\/kalender-2023#primaryimage"},"image":{"@id":"https:\/\/www.radbag.de\/blog\/kalender-2023#primaryimage"},"thumbnailUrl":"https:\/\/www.radbag.de\/blog\/wp-content\/uploads\/2025\/01\/homepage_banner_for_blogposts-10.png","datePublished":"2017-01-02T15:40:35+00:00","dateModified":"2026-01-06T10:54:37+00:00","description":"Wann ist Weihnachten? Wann rentiert es sich Urlaub zu nehmen? Welche Feiertage stehen \u00fcberhaupt auf dem Programm 2026? Hier entlang, bitte.","breadcrumb":{"@id":"https:\/\/www.radbag.de\/blog\/kalender-2023#breadcrumb"},"inLanguage":"de","potentialAction":[{"@type":"ReadAction","target":["https:\/\/www.radbag.de\/blog\/kalender-2023"]}]},{"@type":"ImageObject","inLanguage":"de","@id":"https:\/\/www.radbag.de\/blog\/kalender-2023#primaryimage","url":"https:\/\/www.radbag.de\/blog\/wp-content\/uploads\/2025\/01\/homepage_banner_for_blogposts-10.png","contentUrl":"https:\/\/www.radbag.de\/blog\/wp-content\/uploads\/2025\/01\/homepage_banner_for_blogposts-10.png","width":838,"height":514},{"@type":"BreadcrumbList","@id":"https:\/\/www.radbag.de\/blog\/kalender-2023#breadcrumb","itemListElement":[{"@type":"ListItem","position":1,"name":"Home","item":"https:\/\/www.radbag.de\/blog"},{"@type":"ListItem","position":2,"name":"Kalender 2026"}]},{"@type":"WebSite","@id":"https:\/\/www.radbag.de\/blog\/#website","url":"https:\/\/www.radbag.de\/blog\/","name":"Der Blog von radbag","description":"","potentialAction":[{"@type":"SearchAction","target":{"@type":"EntryPoint","urlTemplate":"https:\/\/www.radbag.de\/blog\/?s={search_term_string}"},"query-input":{"@type":"PropertyValueSpecification","valueRequired":true,"valueName":"search_term_string"}}],"inLanguage":"de"}]}},"_links":{"self":[{"href":"https:\/\/www.radbag.de\/blog\/wp-json\/wp\/v2\/pages\/6430","targetHints":{"allow":["GET"]}}],"collection":[{"href":"https:\/\/www.radbag.de\/blog\/wp-json\/wp\/v2\/pages"}],"about":[{"href":"https:\/\/www.radbag.de\/blog\/wp-json\/wp\/v2\/types\/page"}],"author":[{"embeddable":true,"href":"https:\/\/www.radbag.de\/blog\/wp-json\/wp\/v2\/users\/17"}],"replies":[{"embeddable":true,"href":"https:\/\/www.radbag.de\/blog\/wp-json\/wp\/v2\/comments?post=6430"}],"version-history":[{"count":34,"href":"https:\/\/www.radbag.de\/blog\/wp-json\/wp\/v2\/pages\/6430\/revisions"}],"predecessor-version":[{"id":23792,"href":"https:\/\/www.radbag.de\/blog\/wp-json\/wp\/v2\/pages\/6430\/revisions\/23792"}],"wp:featuredmedia":[{"embeddable":true,"href":"https:\/\/www.radbag.de\/blog\/wp-json\/wp\/v2\/media\/22980"}],"wp:attachment":[{"href":"https:\/\/www.radbag.de\/blog\/wp-json\/wp\/v2\/media?parent=6430"}],"curies":[{"name":"wp","href":"https:\/\/api.w.org\/{rel}","templated":true}]}}