{"id":7493,"date":"2017-05-24T09:32:28","date_gmt":"2017-05-24T07:32:28","guid":{"rendered":"https:\/\/www.radbag.de\/blog\/?page_id=7493"},"modified":"2020-07-14T10:18:02","modified_gmt":"2020-07-14T08:18:02","slug":"instagram","status":"publish","type":"page","link":"https:\/\/www.radbag.de\/blog\/instagram","title":{"rendered":"Instagram"},"content":{"rendered":"<div class=\"bpp_post_wrapper\" data-bpp-pinlink=\"https:\/\/www.radbag.de\/blog\/instagram\" data-bpp-pincorner=\"northeast\" data-bpp-pinhover=\"true\" data-bpp-lang=\"en\" data-bpp-count=\"none\" data-bpp-zero-count=\"true\" data-bpp-size=\"28\" data-bpp-color=\"white\" data-bpp-mobile=\"1\"><h2 style=\"text-align: center;\">#RadbagGang Gewinnspiel<\/h2>\n<p style=\"text-align: center;\">Wir wollen im Sommer eure Bilder mit unseren Produkten sehen. <strong>Aber keine langweiligen Bilder, sondern Bilder, die genauso verr\u00fcckt und originell sind wie unsere Produkte und IHR!<\/strong> Ladet einfach das Bild mit unserem Produkt in<strong> euren Instagram Account<\/strong> (achtet darauf, dass ihr nicht auf &#8222;Privat&#8220; seid) und verwendet den<strong> Hashtag: #radbaggang<\/strong><\/p>\n<p style=\"text-align: center;\">Wir werden immer wieder Bilder w\u00e4hrend des Wettbewerbers mit unseren Followern teilen und immer <strong>am ersten Arbeitstag des neuen Monats<\/strong> wird der<strong> Gewinner des letzten Monats<\/strong> pr\u00e4sentiert!<\/p>\n<p style=\"text-align: center;\">Dann beginnt eine neue Runde des Gewinnspiels und eine neue Chance f\u00fcr euch!<\/p>\n<p style=\"text-align: center;\">Du kannst in den Monaten Juli, August, September wieder teilnehmen, aber mit einem neuen Bild im neuen Monat.<\/p>\n<p style=\"text-align: center;\">Wir freuen uns auf eure Bilder und unsere<\/p>\n<h3 style=\"text-align: center;\">#RADBAGGANG<\/h3>\n<p style=\"text-align: center;\">Findet uns auf Instagram unter: <a href=\"http:\/\/www.instagram.com\/radbag\" target=\"_blank\" rel=\"noopener noreferrer\">@radbag<\/a><\/p>\n<hr>\n<h2 style=\"text-align: center;\"><\/h2>\n<h2 style=\"text-align: center;\"><strong>Teilnahmebedingungen Social Media<\/strong><\/h2>\n<h3 style=\"text-align: center;\"><strong>Instagram Gewinnspiel &#8211; #RadbagGang<\/strong><\/h3>\n<ol>\n<li>Das Gewinnspiel steht in keiner Verbindung zu Instagram und wird in keiner Weise von Instagram gesponsert, unterst\u00fctzt oder organisiert. Der Empf\u00e4nger der vom Teilnehmer bereitgestellten Informationen ist nicht Instagram, sondern die <strong>MH DIREKT e-commerce + fulfillment GmbH &amp; Co, Reitschulstra\u00dfe 7, 6923 Lauterach<\/strong>, als Betreiber des Radbag Instagram Accounts (RADBAG) (kurz: \u201eVeranstalter\u201c). Die bereitgestellten Informationen werden einzig f\u00fcr das Gewinnspiel verwendet.<br \/>\nEine Teilnahme am Gewinnspiel ist ausschlie\u00dflich zu den hier aufgef\u00fchrten Bedingungen m\u00f6glich. Mit der Teilnahme erkennt der Teilnehmer diese Teilnahmebedingungen ausdr\u00fccklich an. Der Veranstalter beh\u00e4lt sich vor, das Gewinnspiel zu jedem Zeitpunkt ohne Vorank\u00fcndigung und ohne Angabe von Gr\u00fcnden abzubrechen oder zu beenden.<\/li>\n<li>Das Gewinnspiel beginnt monatlich am 1. Juli um 8:00 Uhr und endet am letzten Tag des Monats um 24:00. Das Gewinnspiel findet in den Monaten Juli, August und September 2020 statt und somit werden immer nur aktuelle Beitr\u00e4ge im genannten Zeitraum beachtet. (\u201eDurchf\u00fchrungszeitraum\u201c).<\/li>\n<li>Zu gewinnen gibt es monatlich 1x 80\u20ac bzw. 80 CHF Shopgutschein f\u00fcr den Onlineshop Radbag. Teilnehmen k\u00f6nnen Personen \u00fcber 18 Jahren mit Wohnsitz in \u00d6sterreich, Deutschland oder der Schweiz.<\/li>\n<li>Die Anmeldung zum Gewinnspiel erfolgt \u00fcber einen Hashtag (#RadbagGang) im pers\u00f6nlichen Instagram Account des Teilnehmers.<\/li>\n<li>Bilder, die gegen die Instagram-Richtlinien, \u00f6sterreichisches Recht, unsere Netiquette und\/oder das Copyright versto\u00dfen, werden nach Kenntnisnahme ohne Ank\u00fcndigung entfernt. Der Teilnehmer ist damit von der Verlosung ausgeschlossen.<\/li>\n<li>Die Verlosung des Gewinns erfolgt nach Ablauf des Durchf\u00fchrungszeitraumes unter Ausschluss der \u00d6ffentlichkeit. Die Teilnahme an der Verlosung setzt ein Bild zum Thema &#8222;Zeige uns dein coolstes Bild mit unserem Produkt auf Instagram\u201c zu diesem Gewinnspiel voraus.<\/li>\n<li>Die Gewinner werden \u00fcber die Direct Message Funktion von Instagram auf Instagram informiert. Gewinner m\u00fcssen innerhalb von 5 Werktagen (ab Gewinnbenachrichtigung) ihre Kontakt- und Adressdaten per \u201eDirect Message\u201c an die Radbag Instagram-Seite oder per E-Mail an service@radbag.de melden. Sollten Gewinner die Annahme des Gewinnes in dieser Zeit nicht best\u00e4tigen, verf\u00e4llt ihr Anspruch auf den Gewinn ersatzlos. Es wird dann nach gleichem Vorgehen ein Ersatzgewinner ermittelt. Eine Verpflichtung zur Annahme des Gewinnes besteht nicht.<\/li>\n<li>Soweit im Rahmen des Gewinnspiels personenbezogene Daten von Teilnehmern erfasst werden, werden diese vom Veranstalter ausschlie\u00dflich zum Zwecke der Durchf\u00fchrung des Gewinnspiels erhoben, verarbeitet und genutzt sowie nach Beendigung des Gewinnspiels gel\u00f6scht. Der Teilnehmer erkl\u00e4rt sich damit ausdr\u00fccklich einverstanden. Der Teilnehmer kann diese Zustimmung jederzeit durch Brief, Fax oder E-Mail widerrufen. F\u00fcr die Korrektheit und Vollst\u00e4ndigkeit seiner abgeschickten Daten ist der Teilnehmer selbst verantwortlich.<\/li>\n<li>Die Bilder aller Teilnehmer d\u00fcrfen w\u00e4hrend des Gewinnspieles f\u00fcr den Instagram, sowie Facebook Account von Radbag verwendet werden. Das Bild des Gewinners darf f\u00fcr den Instagram Account, sowie die Facebook-Seite von Radbag verwendet werden.<\/li>\n<\/ol>\n<p>Die personenbezogenen Daten der Teilnehmer werden vom Veranstalter unter Beachtung der datenschutzrechtlichen Bestimmungen genutzt und erhoben.<\/p>\n<p>Die Einwilligung kann jederzeit durch L\u00f6schung des entsprechenden Beitrags&nbsp;widerrufen werden. In diesem Fall erkl\u00e4rt der Teilnehmer zugleich, an dem Gewinnspiel nicht mehr teilzunehmen.<\/p>\n<p>Der Rechtsweg ist ausgeschlossen.<\/p>\n<p><strong>MH direkt e-Commerce + fulfillment GmbH &amp; Co KG<br \/>\n<\/strong>Reitschulstra\u00dfe 7<br \/>\n6923 Lauterach<br \/>\n\u00d6sterreich<\/p>\n<p>Tel.: +43 (0)5574 &#8211; 801 736<br \/>\nWebsite: http:\/\/www.mhdirekt.com<br \/>\nE-Mail: service@radbag.de<\/p>\n<\/div>","protected":false},"excerpt":{"rendered":"<p>#RadbagGang Gewinnspiel Wir wollen im Sommer eure Bilder mit unseren Produkten sehen. Aber keine langweiligen Bilder, sondern Bilder, die genauso verr\u00fcckt und originell sind wie unsere Produkte und IHR! Ladet einfach das Bild mit unserem Produkt in euren Instagram Account (achtet darauf, dass ihr nicht auf &#8222;Privat&#8220; seid) und verwendet den Hashtag: #radbaggang Wir werden&hellip;<\/p>\n","protected":false},"author":14,"featured_media":13840,"parent":0,"menu_order":0,"comment_status":"open","ping_status":"open","template":"","meta":{"footnotes":""},"class_list":["post-7493","page","type-page","status-publish","has-post-thumbnail","hentry"],"yoast_head":"<!-- This site is optimized with the Yoast SEO plugin v25.5 - https:\/\/yoast.com\/wordpress\/plugins\/seo\/ -->\n<title>Teilnahmebedingungen Instagram Gewinnspiel<\/title>\n<meta name=\"robots\" content=\"index, follow, max-snippet:-1, max-image-preview:large, max-video-preview:-1\" \/>\n<link rel=\"canonical\" href=\"https:\/\/www.radbag.de\/blog\/instagram\" \/>\n<meta property=\"og:locale\" content=\"de_DE\" \/>\n<meta property=\"og:type\" content=\"article\" \/>\n<meta property=\"og:title\" content=\"Teilnahmebedingungen Instagram Gewinnspiel\" \/>\n<meta property=\"og:description\" content=\"#RadbagGang Gewinnspiel Wir wollen im Sommer eure Bilder mit unseren Produkten sehen. Aber keine langweiligen Bilder, sondern Bilder, die genauso verr\u00fcckt und originell sind wie unsere Produkte und IHR! Ladet einfach das Bild mit unserem Produkt in euren Instagram Account (achtet darauf, dass ihr nicht auf &#8222;Privat&#8220; seid) und verwendet den Hashtag: #radbaggang Wir werden&hellip;\" \/>\n<meta property=\"og:url\" content=\"https:\/\/www.radbag.de\/blog\/instagram\" \/>\n<meta property=\"og:site_name\" content=\"Der Blog von radbag\" \/>\n<meta property=\"article:modified_time\" content=\"2020-07-14T08:18:02+00:00\" \/>\n<meta property=\"og:image\" content=\"https:\/\/www.radbag.de\/blog\/wp-content\/uploads\/2020\/07\/Blog_Banner_Instagram.png\" \/>\n\t<meta property=\"og:image:width\" content=\"1000\" \/>\n\t<meta property=\"og:image:height\" content=\"500\" \/>\n\t<meta property=\"og:image:type\" content=\"image\/png\" \/>\n<meta name=\"twitter:card\" content=\"summary_large_image\" \/>\n<meta name=\"twitter:label1\" content=\"Gesch\u00e4tzte Lesezeit\" \/>\n\t<meta name=\"twitter:data1\" content=\"3\u00a0Minuten\" \/>\n<script type=\"application\/ld+json\" class=\"yoast-schema-graph\">{\"@context\":\"https:\/\/schema.org\",\"@graph\":[{\"@type\":\"WebPage\",\"@id\":\"https:\/\/www.radbag.de\/blog\/instagram\",\"url\":\"https:\/\/www.radbag.de\/blog\/instagram\",\"name\":\"Teilnahmebedingungen Instagram Gewinnspiel\",\"isPartOf\":{\"@id\":\"https:\/\/www.radbag.de\/blog\/#website\"},\"primaryImageOfPage\":{\"@id\":\"https:\/\/www.radbag.de\/blog\/instagram#primaryimage\"},\"image\":{\"@id\":\"https:\/\/www.radbag.de\/blog\/instagram#primaryimage\"},\"thumbnailUrl\":\"https:\/\/www.radbag.de\/blog\/wp-content\/uploads\/2020\/07\/Blog_Banner_Instagram.png\",\"datePublished\":\"2017-05-24T07:32:28+00:00\",\"dateModified\":\"2020-07-14T08:18:02+00:00\",\"breadcrumb\":{\"@id\":\"https:\/\/www.radbag.de\/blog\/instagram#breadcrumb\"},\"inLanguage\":\"de\",\"potentialAction\":[{\"@type\":\"ReadAction\",\"target\":[\"https:\/\/www.radbag.de\/blog\/instagram\"]}]},{\"@type\":\"ImageObject\",\"inLanguage\":\"de\",\"@id\":\"https:\/\/www.radbag.de\/blog\/instagram#primaryimage\",\"url\":\"https:\/\/www.radbag.de\/blog\/wp-content\/uploads\/2020\/07\/Blog_Banner_Instagram.png\",\"contentUrl\":\"https:\/\/www.radbag.de\/blog\/wp-content\/uploads\/2020\/07\/Blog_Banner_Instagram.png\",\"width\":1000,\"height\":500,\"caption\":\"Blog_Banner_Instagram\"},{\"@type\":\"BreadcrumbList\",\"@id\":\"https:\/\/www.radbag.de\/blog\/instagram#breadcrumb\",\"itemListElement\":[{\"@type\":\"ListItem\",\"position\":1,\"name\":\"Home\",\"item\":\"https:\/\/www.radbag.de\/blog\"},{\"@type\":\"ListItem\",\"position\":2,\"name\":\"Instagram\"}]},{\"@type\":\"WebSite\",\"@id\":\"https:\/\/www.radbag.de\/blog\/#website\",\"url\":\"https:\/\/www.radbag.de\/blog\/\",\"name\":\"Der Blog von radbag\",\"description\":\"\",\"potentialAction\":[{\"@type\":\"SearchAction\",\"target\":{\"@type\":\"EntryPoint\",\"urlTemplate\":\"https:\/\/www.radbag.de\/blog\/?s={search_term_string}\"},\"query-input\":{\"@type\":\"PropertyValueSpecification\",\"valueRequired\":true,\"valueName\":\"search_term_string\"}}],\"inLanguage\":\"de\"}]}<\/script>\n<!-- \/ Yoast SEO plugin. -->","yoast_head_json":{"title":"Teilnahmebedingungen Instagram Gewinnspiel","robots":{"index":"index","follow":"follow","max-snippet":"max-snippet:-1","max-image-preview":"max-image-preview:large","max-video-preview":"max-video-preview:-1"},"canonical":"https:\/\/www.radbag.de\/blog\/instagram","og_locale":"de_DE","og_type":"article","og_title":"Teilnahmebedingungen Instagram Gewinnspiel","og_description":"#RadbagGang Gewinnspiel Wir wollen im Sommer eure Bilder mit unseren Produkten sehen. Aber keine langweiligen Bilder, sondern Bilder, die genauso verr\u00fcckt und originell sind wie unsere Produkte und IHR! Ladet einfach das Bild mit unserem Produkt in euren Instagram Account (achtet darauf, dass ihr nicht auf &#8222;Privat&#8220; seid) und verwendet den Hashtag: #radbaggang Wir werden&hellip;","og_url":"https:\/\/www.radbag.de\/blog\/instagram","og_site_name":"Der Blog von radbag","article_modified_time":"2020-07-14T08:18:02+00:00","og_image":[{"width":1000,"height":500,"url":"https:\/\/www.radbag.de\/blog\/wp-content\/uploads\/2020\/07\/Blog_Banner_Instagram.png","type":"image\/png"}],"twitter_card":"summary_large_image","twitter_misc":{"Gesch\u00e4tzte Lesezeit":"3\u00a0Minuten"},"schema":{"@context":"https:\/\/schema.org","@graph":[{"@type":"WebPage","@id":"https:\/\/www.radbag.de\/blog\/instagram","url":"https:\/\/www.radbag.de\/blog\/instagram","name":"Teilnahmebedingungen Instagram Gewinnspiel","isPartOf":{"@id":"https:\/\/www.radbag.de\/blog\/#website"},"primaryImageOfPage":{"@id":"https:\/\/www.radbag.de\/blog\/instagram#primaryimage"},"image":{"@id":"https:\/\/www.radbag.de\/blog\/instagram#primaryimage"},"thumbnailUrl":"https:\/\/www.radbag.de\/blog\/wp-content\/uploads\/2020\/07\/Blog_Banner_Instagram.png","datePublished":"2017-05-24T07:32:28+00:00","dateModified":"2020-07-14T08:18:02+00:00","breadcrumb":{"@id":"https:\/\/www.radbag.de\/blog\/instagram#breadcrumb"},"inLanguage":"de","potentialAction":[{"@type":"ReadAction","target":["https:\/\/www.radbag.de\/blog\/instagram"]}]},{"@type":"ImageObject","inLanguage":"de","@id":"https:\/\/www.radbag.de\/blog\/instagram#primaryimage","url":"https:\/\/www.radbag.de\/blog\/wp-content\/uploads\/2020\/07\/Blog_Banner_Instagram.png","contentUrl":"https:\/\/www.radbag.de\/blog\/wp-content\/uploads\/2020\/07\/Blog_Banner_Instagram.png","width":1000,"height":500,"caption":"Blog_Banner_Instagram"},{"@type":"BreadcrumbList","@id":"https:\/\/www.radbag.de\/blog\/instagram#breadcrumb","itemListElement":[{"@type":"ListItem","position":1,"name":"Home","item":"https:\/\/www.radbag.de\/blog"},{"@type":"ListItem","position":2,"name":"Instagram"}]},{"@type":"WebSite","@id":"https:\/\/www.radbag.de\/blog\/#website","url":"https:\/\/www.radbag.de\/blog\/","name":"Der Blog von radbag","description":"","potentialAction":[{"@type":"SearchAction","target":{"@type":"EntryPoint","urlTemplate":"https:\/\/www.radbag.de\/blog\/?s={search_term_string}"},"query-input":{"@type":"PropertyValueSpecification","valueRequired":true,"valueName":"search_term_string"}}],"inLanguage":"de"}]}},"_links":{"self":[{"href":"https:\/\/www.radbag.de\/blog\/wp-json\/wp\/v2\/pages\/7493","targetHints":{"allow":["GET"]}}],"collection":[{"href":"https:\/\/www.radbag.de\/blog\/wp-json\/wp\/v2\/pages"}],"about":[{"href":"https:\/\/www.radbag.de\/blog\/wp-json\/wp\/v2\/types\/page"}],"author":[{"embeddable":true,"href":"https:\/\/www.radbag.de\/blog\/wp-json\/wp\/v2\/users\/14"}],"replies":[{"embeddable":true,"href":"https:\/\/www.radbag.de\/blog\/wp-json\/wp\/v2\/comments?post=7493"}],"version-history":[{"count":12,"href":"https:\/\/www.radbag.de\/blog\/wp-json\/wp\/v2\/pages\/7493\/revisions"}],"predecessor-version":[{"id":13841,"href":"https:\/\/www.radbag.de\/blog\/wp-json\/wp\/v2\/pages\/7493\/revisions\/13841"}],"wp:featuredmedia":[{"embeddable":true,"href":"https:\/\/www.radbag.de\/blog\/wp-json\/wp\/v2\/media\/13840"}],"wp:attachment":[{"href":"https:\/\/www.radbag.de\/blog\/wp-json\/wp\/v2\/media?parent=7493"}],"curies":[{"name":"wp","href":"https:\/\/api.w.org\/{rel}","templated":true}]}}